{"id":4,"date":"2018-06-28T11:29:23","date_gmt":"2018-06-28T09:29:23","guid":{"rendered":"http:\/\/studioferraretti.it\/?page_id=4"},"modified":"2021-11-12T11:56:26","modified_gmt":"2021-11-12T10:56:26","slug":"home","status":"publish","type":"page","link":"https:\/\/studioferraretti.it\/it\/","title":{"rendered":"Home"},"content":{"rendered":"<p>[vc_row full_height=&#8221;yes&#8221; equal_height=&#8221;yes&#8221; content_placement=&#8221;middle&#8221; css=&#8221;.vc_custom_1591941297574{background-color: #6f5b16 !important;}&#8221; el_class=&#8221;hide-mobile hide-tablet&#8221;][vc_column width=&#8221;1\/2&#8243; offset=&#8221;vc_hidden-sm vc_hidden-xs&#8221;][vc_column_text el_class=&#8221;text-home left&#8221;]<\/p>\n<h1>Chi Siamo<\/h1>\n<p>Lo Studio Ferraretti Dottori Commercialisti dal 1973 supporta investitori istituzionali, intermediari finanziari e high net worth individual nel processo di decisione, implementazione ed amministrazione degli investimenti.[\/vc_column_text][vc_column_text el_class=&#8221;text-home left&#8221;]<a class=\"read\" href=\".\/about\">Leggi &gt;<\/a>[\/vc_column_text][\/vc_column][vc_column width=&#8221;1\/2&#8243; el_class=&#8221;back-image&#8221; css=&#8221;.vc_custom_1605875940337{background-image: url(http:\/\/studioferraretti.it\/wp-content\/uploads\/2020\/04\/targa_ferraretti.png?id=546) !important;background-position: center !important;background-repeat: no-repeat !important;background-size: cover !important;}&#8221; offset=&#8221;vc_hidden-sm vc_hidden-xs&#8221;][\/vc_column][\/vc_row][vc_row equal_height=&#8221;yes&#8221; content_placement=&#8221;middle&#8221; css=&#8221;.vc_custom_1591941305233{background-color: #6f5b16 !important;}&#8221; el_class=&#8221;tablet&#8221;][vc_column width=&#8221;1\/2&#8243; offset=&#8221;vc_hidden-lg vc_hidden-md vc_hidden-xs&#8221;][vc_column_text el_class=&#8221;text-home left&#8221;]<\/p>\n<h1>Chi Siamo<\/h1>\n<p>Lo Studio Ferraretti Dottori Commercialisti dal 1973 supporta investitori istituzionali, intermediari finanziari e high net worth individual nel processo di decisione, implementazione ed amministrazione degli investimenti.[\/vc_column_text][vc_column_text el_class=&#8221;text-home left&#8221;]<a class=\"read\" href=\".\/about\">Leggi &gt;<\/a>[\/vc_column_text][\/vc_column][vc_column width=&#8221;1\/2&#8243; el_class=&#8221;back-image&#8221; css=&#8221;.vc_custom_1605875925882{background-image: url(http:\/\/studioferraretti.it\/wp-content\/uploads\/2020\/04\/targa_ferraretti.png?id=546) !important;background-position: center !important;background-repeat: no-repeat !important;background-size: cover !important;}&#8221; offset=&#8221;vc_hidden-lg vc_hidden-md vc_hidden-xs&#8221;][\/vc_column][\/vc_row][vc_row content_placement=&#8221;middle&#8221; el_class=&#8221;box-home hide-desktop&#8221; css=&#8221;.vc_custom_1591941312622{background-color: #6f5b16 !important;}&#8221;][vc_column width=&#8221;1\/2&#8243; offset=&#8221;vc_hidden-lg vc_hidden-md vc_hidden-sm&#8221;][vc_column_text el_class=&#8221;text-home&#8221;]<\/p>\n<h1>Chi Siamo<\/h1>\n<p>[\/vc_column_text][vc_single_image image=&#8221;573&#8243; img_size=&#8221;full&#8221; alignment=&#8221;center&#8221;][\/vc_column][vc_column width=&#8221;1\/2&#8243; offset=&#8221;vc_hidden-lg vc_hidden-md vc_hidden-sm&#8221;][vc_column_text el_class=&#8221;text-home left&#8221;]Lo Studio Ferraretti Dottori Commercialisti dal 1973 supporta investitori istituzionali, intermediari finanziari e high net worth individual nel processo di decisione, implementazione ed amministrazione degli investimenti.[\/vc_column_text][vc_column_text el_class=&#8221;text-home left&#8221;]<a class=\"read\" href=\".\/about\">Leggi &gt;<\/a>[\/vc_column_text][\/vc_column][\/vc_row][vc_row full_height=&#8221;yes&#8221; equal_height=&#8221;yes&#8221; content_placement=&#8221;middle&#8221; css=&#8221;.vc_custom_1591430954495{background-color: #222222 !important;}&#8221; el_class=&#8221;hide-mobile hide-tablet&#8221;][vc_column width=&#8221;1\/2&#8243; el_class=&#8221;back-image&#8221; css=&#8221;.vc_custom_1607626116215{background-image: url(http:\/\/studioferraretti.it\/wp-content\/uploads\/2020\/11\/ferraretti_in_area.jpg?id=666) !important;background-position: center !important;background-repeat: no-repeat !important;background-size: cover !important;}&#8221; offset=&#8221;vc_hidden-sm vc_hidden-xs&#8221;][\/vc_column][vc_column width=&#8221;1\/2&#8243; offset=&#8221;vc_hidden-sm vc_hidden-xs&#8221;][vc_column_text el_class=&#8221;text-home right&#8221;]<\/p>\n<h1>Aree di Attivit\u00e0<\/h1>\n<p>Siamo specializzati in consulenza fiscale internazionale, consulenza societaria, amministrazione societaria, contabilit\u00e0, diritto fallimentare e contenzioso tributario.[\/vc_column_text][vc_column_text el_class=&#8221;text-home left&#8221;]<\/p>\n<p style=\"text-align: right;\"><a class=\"read\" href=\".\/aree-di-attivita\">Leggi &gt;<\/a><\/p>\n<p>[\/vc_column_text][\/vc_column][\/vc_row][vc_row equal_height=&#8221;yes&#8221; content_placement=&#8221;middle&#8221; css=&#8221;.vc_custom_1591430940451{background-color: #222222 !important;}&#8221; el_class=&#8221;tablet&#8221;][vc_column width=&#8221;1\/2&#8243; el_class=&#8221;back-image&#8221; css=&#8221;.vc_custom_1607626103579{background-image: url(http:\/\/studioferraretti.it\/wp-content\/uploads\/2020\/11\/ferraretti_in_area.jpg?id=666) !important;background-position: center !important;background-repeat: no-repeat !important;background-size: cover !important;}&#8221; offset=&#8221;vc_hidden-lg vc_hidden-md vc_hidden-xs&#8221;][\/vc_column][vc_column width=&#8221;1\/2&#8243; offset=&#8221;vc_hidden-lg vc_hidden-md vc_hidden-xs&#8221;][vc_column_text el_class=&#8221;text-home right&#8221;]<\/p>\n<h1>Aree di Attivit\u00e0<\/h1>\n<p>Siamo specializzati in consulenza fiscale internazionale, consulenza societaria, amministrazione societaria, contabilit\u00e0, diritto fallimentare e contenzioso tributario.[\/vc_column_text][vc_column_text el_class=&#8221;text-home left&#8221;]<\/p>\n<p style=\"text-align: right;\"><a class=\"read\" href=\".\/aree-di-attivita\">Leggi &gt;<\/a><\/p>\n<p>[\/vc_column_text][\/vc_column][\/vc_row][vc_row content_placement=&#8221;middle&#8221; el_class=&#8221;box-home hide-desktop&#8221; css=&#8221;.vc_custom_1591430930550{background-color: #222222 !important;}&#8221;][vc_column width=&#8221;1\/2&#8243; offset=&#8221;vc_hidden-lg vc_hidden-md vc_hidden-sm&#8221;][vc_column_text el_class=&#8221;text-home&#8221;]<\/p>\n<h1>Aree di Attivit\u00e0<\/h1>\n<p>[\/vc_column_text][vc_single_image image=&#8221;666&#8243; img_size=&#8221;full&#8221; alignment=&#8221;center&#8221;][\/vc_column][vc_column width=&#8221;1\/2&#8243; offset=&#8221;vc_hidden-lg vc_hidden-md vc_hidden-sm&#8221;][vc_column_text el_class=&#8221;text-home left&#8221;]Siamo specializzati in consulenza fiscale internazionale, consulenza societaria, amministrazione societaria, contabilit\u00e0, diritto fallimentare e contenzioso tributario.[\/vc_column_text][vc_column_text el_class=&#8221;text-home left&#8221;]<\/p>\n<p style=\"text-align: right;\"><a class=\"read\" href=\".\/aree-di-attivita\">Leggi &gt;<\/a><\/p>\n<p>[\/vc_column_text][\/vc_column][\/vc_row][vc_row content_placement=&#8221;middle&#8221; el_class=&#8221;parallax&#8221; css=&#8221;.vc_custom_1588052453546{background-image: url(http:\/\/studioferraretti.it\/wp-content\/uploads\/2020\/04\/targa_ferraretti.png?id=546) !important;}&#8221;][vc_column][vc_column_text el_class=&#8221;text-home&#8221;]<\/p>\n<h1 style=\"text-align: center;\"><span style=\"color: #222222;\">Consulenza e contabilit\u00e0 per le Holding<\/span><\/h1>\n<p>[\/vc_column_text][vc_column_text el_class=&#8221;text-home left&#8221;]<\/p>\n<p style=\"text-align: center;\">Contabilit\u00e0, bilancio e comunicazioni periodiche pensati per le societ\u00e0 Holding e le societ\u00e0 operative che hanno esigenze di investimenti finanziari, gestioni patrimoniali, polizze assicurative o dossier titoli.<\/p>\n<p>[\/vc_column_text][vc_column_text el_class=&#8221;text-home left&#8221;]<\/p>\n<p style=\"text-align: center;\"><a class=\"read\" href=\".\/consulenza-holding\">Leggi &gt;<\/a><\/p>\n<p>[\/vc_column_text][\/vc_column][\/vc_row][vc_row full_height=&#8221;yes&#8221; equal_height=&#8221;yes&#8221; content_placement=&#8221;middle&#8221; css=&#8221;.vc_custom_1591941322086{background-color: #6f5b16 !important;}&#8221; el_class=&#8221;hide-mobile hide-tablet&#8221;][vc_column width=&#8221;1\/2&#8243; offset=&#8221;vc_hidden-sm vc_hidden-xs&#8221;][vc_column_text el_class=&#8221;text-home left&#8221;]<\/p>\n<h1 style=\"line-height: 1.2;\">Gruppo Ferraretti<\/h1>\n<p>Un Gruppo, tre realt\u00e0 diverse e complementari, due sedi, a Milano e Bologna.<br \/>\nUna visione unica ed ambiziosa: garantire ai nostri partner un\u2019esperienza di autentica professionalit\u00e0 nei settori fiscale, societario e successorio, integrata da operativit\u00e0 pronta, attenta ed efficace.[\/vc_column_text][vc_column_text el_class=&#8221;text-home left&#8221;]<a class=\"read\" href=\".\/gruppo-ferraretti\">Leggi &gt;<\/a>[\/vc_column_text][\/vc_column][vc_column width=&#8221;1\/2&#8243; el_class=&#8221;back-image&#8221; css=&#8221;.vc_custom_1588052765003{background-image: url(http:\/\/studioferraretti.it\/wp-content\/uploads\/2021\/11\/andrea-paolo_ferraretti_bn.jpg) !important;background-position: center !important;background-repeat: no-repeat !important;background-size: cover !important;}&#8221; offset=&#8221;vc_hidden-sm vc_hidden-xs&#8221;][\/vc_column][\/vc_row][vc_row equal_height=&#8221;yes&#8221; content_placement=&#8221;middle&#8221; css=&#8221;.vc_custom_1591941328830{background-color: #6f5b16 !important;}&#8221; el_class=&#8221;tablet&#8221;][vc_column width=&#8221;1\/2&#8243; offset=&#8221;vc_hidden-lg vc_hidden-md vc_hidden-xs&#8221;][vc_column_text el_class=&#8221;text-home left&#8221;]<\/p>\n<h1 style=\"line-height: 1.2;\">Gruppo Ferraretti<\/h1>\n<p>Un Gruppo, tre realt\u00e0 diverse e complementari, due sedi, a Milano e Bologna.<br \/>\nUna visione unica ed ambiziosa: garantire ai nostri partner un\u2019esperienza di autentica professionalit\u00e0 nei settori fiscale, societario e successorio, integrata da operativit\u00e0 pronta, attenta ed efficace.[\/vc_column_text][vc_column_text el_class=&#8221;text-home left&#8221;]<a class=\"read\" href=\".\/gruppo-ferraretti\">Leggi &gt;<\/a>[\/vc_column_text][\/vc_column][vc_column width=&#8221;1\/2&#8243; el_class=&#8221;back-image&#8221; css=&#8221;.vc_custom_1588052776547{background-image: url(http:\/\/studioferraretti.it\/wp-content\/uploads\/2021\/11\/andrea-paolo_ferraretti_bn.jpg) !important;background-position: center !important;background-repeat: no-repeat !important;background-size: cover !important;}&#8221; offset=&#8221;vc_hidden-lg vc_hidden-md vc_hidden-xs&#8221;][\/vc_column][\/vc_row][vc_row content_placement=&#8221;middle&#8221; el_class=&#8221;box-home hide-desktop&#8221; css=&#8221;.vc_custom_1591941335014{background-color: #6f5b16 !important;}&#8221;][vc_column width=&#8221;1\/2&#8243; offset=&#8221;vc_hidden-lg vc_hidden-md vc_hidden-sm&#8221;][vc_column_text el_class=&#8221;text-home left&#8221;]<\/p>\n<h1 style=\"line-height: 1.2;\">Gruppo Ferraretti<\/h1>\n<p>[\/vc_column_text][vc_single_image image=&#8221;684&#8243; img_size=&#8221;full&#8221; alignment=&#8221;center&#8221;][\/vc_column][vc_column width=&#8221;1\/2&#8243; offset=&#8221;vc_hidden-lg vc_hidden-md vc_hidden-sm&#8221;][vc_column_text el_class=&#8221;text-home left&#8221;]Un Gruppo, tre realt\u00e0 diverse e complementari, due sedi, a Milano e Bologna.<br \/>\nUna visione unica ed ambiziosa: garantire ai nostri partner un\u2019esperienza di autentica professionalit\u00e0 nei settori fiscale, societario e successorio, integrata da operativit\u00e0 pronta, attenta ed efficace.[\/vc_column_text][vc_column_text el_class=&#8221;text-home left&#8221;]<a class=\"read\" href=\".\/gruppo-ferraretti\">Leggi &gt;<\/a>[\/vc_column_text][\/vc_column][\/vc_row]<\/p>\n","protected":false},"excerpt":{"rendered":"<p>[vc_row full_height=&#8221;yes&#8221; equal_height=&#8221;yes&#8221; content_placement=&#8221;middle&#8221; css=&#8221;.vc_custom_1591941297574{background-color: #6f5b16 !important;}&#8221; el_class=&#8221;hide-mobile hide-tablet&#8221;][vc_column width=&#8221;1\/2&#8243; offset=&#8221;vc_hidden-sm vc_hidden-xs&#8221;][vc_column_text el_class=&#8221;text-home left&#8221;] Chi Siamo Lo Studio Ferraretti Dottori Commercialisti dal 1973 supporta investitori istituzionali,<span class=\"excerpt-hellip\"> [\u2026]<\/span><\/p>\n","protected":false},"author":1,"featured_media":0,"parent":0,"menu_order":0,"comment_status":"closed","ping_status":"closed","template":"","meta":[],"_links":{"self":[{"href":"https:\/\/studioferraretti.it\/it\/wp-json\/wp\/v2\/pages\/4"}],"collection":[{"href":"https:\/\/studioferraretti.it\/it\/wp-json\/wp\/v2\/pages"}],"about":[{"href":"https:\/\/studioferraretti.it\/it\/wp-json\/wp\/v2\/types\/page"}],"author":[{"embeddable":true,"href":"https:\/\/studioferraretti.it\/it\/wp-json\/wp\/v2\/users\/1"}],"replies":[{"embeddable":true,"href":"https:\/\/studioferraretti.it\/it\/wp-json\/wp\/v2\/comments?post=4"}],"version-history":[{"count":2,"href":"https:\/\/studioferraretti.it\/it\/wp-json\/wp\/v2\/pages\/4\/revisions"}],"predecessor-version":[{"id":686,"href":"https:\/\/studioferraretti.it\/it\/wp-json\/wp\/v2\/pages\/4\/revisions\/686"}],"wp:attachment":[{"href":"https:\/\/studioferraretti.it\/it\/wp-json\/wp\/v2\/media?parent=4"}],"curies":[{"name":"wp","href":"https:\/\/api.w.org\/{rel}","templated":true}]}}