{"id":626,"date":"2020-05-29T08:21:01","date_gmt":"2020-05-29T06:21:01","guid":{"rendered":"http:\/\/studioferraretti.it\/it\/?page_id=626"},"modified":"2020-11-25T18:56:02","modified_gmt":"2020-11-25T17:56:02","slug":"consulenza-holding","status":"publish","type":"page","link":"https:\/\/studioferraretti.it\/it\/consulenza-holding\/","title":{"rendered":"Consulenza e contabilit\u00e0 per le holding"},"content":{"rendered":"<p>[vc_section el_class=&#8221;box-tab&#8221;][vc_row][vc_column][vc_column_text]<\/p>\n<h2>Gruppo Ferraretti<\/h2>\n<p>[\/vc_column_text][vc_column_text]<\/p>\n<h3>Consulenza e contabilit\u00e0 per le Holding<\/h3>\n<p>[\/vc_column_text][vc_column_text]Contabilit\u00e0, bilancio e comunicazioni periodiche pensati per le societ\u00e0 Holding e le societ\u00e0 operative che hanno esigenze di investimenti finanziari, gestioni patrimoniali, polizze assicurative o dossier titoli.<\/p>\n<p>Un servizio moderno ed innovativo che, tramite i dati forniti dalle banche depositarie e dai gestori, permette di produrre in vari formati elettronici le scritture in partita doppia, la valutazione annuale del magazzino titoli e tutte le comunicazioni pertinenti.<br \/>\nLe scritture tramite semplice procedura di \u201cupload\u201d sono integrate nel gestionale contabile della societ\u00e0.<\/p>\n<p>Il tutto integrato con l\u2019attivit\u00e0 di consulenza contabile, fiscale e di dichiarazione fiscale abitualmente fornita dal Gruppo Ferraretti.<br \/>\nUn servizio innovativo pensato per facilitare il lavoro del CFO o del responsabile della contabilit\u00e0.[\/vc_column_text][\/vc_column][\/vc_row][vc_row][vc_column][vc_raw_html]JTNDZGl2JTIwY2xhc3MlM0QlMjJwYWdlX2N0YSUyMiUzRSUwQSUzQ2ElMjBocmVmJTNEJTIyLi4lMkZhcmVlLWRpLWF0dGl2aXRhJTIyJTNFQXJlZSUyMGRpJTIwYXR0aXZpdCVDMyVBMCUyMCUyNmd0JTNCJTNDJTJGYSUzRSUwQSUzQ2ElMjBocmVmJTNEJTIyLi4lMkZncnVwcG8tZmVycmFyZXR0aSUyMiUzRUdydXBwbyUyMEZlcnJhcmV0dGklMjAlMjZndCUzQiUzQyUyRmElM0UlMEElM0MlMkZkaXYlM0U=[\/vc_raw_html][\/vc_column][\/vc_row][\/vc_section]<\/p>\n","protected":false},"excerpt":{"rendered":"<p>[vc_section el_class=&#8221;box-tab&#8221;][vc_row][vc_column][vc_column_text] Gruppo Ferraretti [\/vc_column_text][vc_column_text] Consulenza e contabilit\u00e0 per le Holding [\/vc_column_text][vc_column_text]Contabilit\u00e0, bilancio e comunicazioni periodiche pensati per le societ\u00e0 Holding e le societ\u00e0 operative che<span class=\"excerpt-hellip\"> [\u2026]<\/span><\/p>\n","protected":false},"author":1,"featured_media":0,"parent":0,"menu_order":0,"comment_status":"closed","ping_status":"closed","template":"","meta":[],"_links":{"self":[{"href":"https:\/\/studioferraretti.it\/it\/wp-json\/wp\/v2\/pages\/626"}],"collection":[{"href":"https:\/\/studioferraretti.it\/it\/wp-json\/wp\/v2\/pages"}],"about":[{"href":"https:\/\/studioferraretti.it\/it\/wp-json\/wp\/v2\/types\/page"}],"author":[{"embeddable":true,"href":"https:\/\/studioferraretti.it\/it\/wp-json\/wp\/v2\/users\/1"}],"replies":[{"embeddable":true,"href":"https:\/\/studioferraretti.it\/it\/wp-json\/wp\/v2\/comments?post=626"}],"version-history":[{"count":0,"href":"https:\/\/studioferraretti.it\/it\/wp-json\/wp\/v2\/pages\/626\/revisions"}],"wp:attachment":[{"href":"https:\/\/studioferraretti.it\/it\/wp-json\/wp\/v2\/media?parent=626"}],"curies":[{"name":"wp","href":"https:\/\/api.w.org\/{rel}","templated":true}]}}